{"id":24647,"date":"2026-03-26T10:22:33","date_gmt":"2026-03-26T09:22:33","guid":{"rendered":"https:\/\/www.idroromagnola.it\/?post_type=product&#038;p=24647"},"modified":"2026-03-31T09:45:58","modified_gmt":"2026-03-31T07:45:58","slug":"bidet-terra-geberit-fantasia-bianco","status":"publish","type":"product","link":"https:\/\/www.idroromagnola.it\/en\/prodotto\/bidet-terra-geberit-fantasia-bianco\/","title":{"rendered":"Bidet a terra Fantasia, scarico a pavimento, bianco"},"content":{"rendered":"<p data-start=\"773\" data-end=\"910\">Il bidet a terra Geberit Fantasia (art. 500.865.00.1) \u00e8 progettato per garantire praticit\u00e0, affidabilit\u00e0 e coerenza estetica all\u2019interno dell\u2019ambiente bagno.<\/p>\n<p data-start=\"912\" data-end=\"1203\">Realizzato in vetrochina sanitaria, offre una superficie resistente, igienica e facile da pulire, ideale per un utilizzo quotidiano. L\u2019installazione a pavimento lo rende compatibile con impianti tradizionali, risultando una scelta perfetta sia in nuove realizzazioni che in ristrutturazioni.<\/p>\n<p data-start=\"1205\" data-end=\"1360\">Il design \u00e8 lineare ed essenziale, pensato per integrarsi perfettamente con il vaso della stessa serie Fantasia, creando un insieme armonioso e funzionale.<\/p>\n<p data-start=\"1362\" data-end=\"1488\">Il bidet \u00e8 predisposto per rubinetteria monoforo e viene fornito con foro troppopieno, garantendo sicurezza e praticit\u00e0 d\u2019uso.<\/p>\n<p data-start=\"1973\" data-end=\"2001\">\n","protected":false},"excerpt":{"rendered":"<p data-start=\"115\" data-end=\"359\"><strong>Bidet a terra Geberit Fantasia<\/strong> in vetrochina bianca lucida, ideale per installazioni a pavimento. Design essenziale, perfetto in abbinamento al vaso della stessa serie. Predisposto per rubinetteria monoforo con foro troppopieno.<\/p>\n","protected":false},"featured_media":24649,"comment_status":"closed","ping_status":"closed","template":"","meta":{"_acf_changed":false},"product_brand":[],"product_cat":[219,138],"product_tag":[404,405,407,394,314,399,406],"class_list":{"0":"post-24647","1":"product","2":"type-product","3":"status-publish","4":"has-post-thumbnail","6":"product_cat-sanitari-bagno","7":"product_cat-bagno","8":"product_tag-bidet-a-terra","9":"product_tag-bidet-geberit","10":"product_tag-bidet-monoforo","11":"product_tag-fantasia","12":"product_tag-geberit","13":"product_tag-geberit-fantasia","14":"product_tag-sanitari-bagno","15":"pa_finitura-bianco","17":"first","18":"instock","19":"sale","20":"shipping-taxable","21":"purchasable","22":"product-type-variable","23":"has-default-attributes"},"acf":[],"yoast_head":"<!-- This site is optimized with the Yoast SEO plugin v26.5 - https:\/\/yoast.com\/wordpress\/plugins\/seo\/ -->\n<title>Bidet a terra Geberit Fantasia bianco | 500.865.00.1<\/title>\n<meta name=\"description\" content=\"Acquista bidet a terra Geberit Fantasia in vetrochina bianca, installazione a pavimento e design essenziale. Codice articolo 500.865.00.1\" \/>\n<meta name=\"robots\" content=\"index, follow, max-snippet:-1, max-image-preview:large, max-video-preview:-1\" \/>\n<link rel=\"canonical\" href=\"https:\/\/www.idroromagnola.it\/en\/prodotto\/bidet-terra-geberit-fantasia-bianco\/\" \/>\n<meta property=\"og:locale\" content=\"en_US\" \/>\n<meta property=\"og:type\" content=\"article\" \/>\n<meta property=\"og:title\" content=\"Bidet a terra Geberit Fantasia bianco | 500.865.00.1\" \/>\n<meta property=\"og:description\" content=\"Acquista bidet a terra Geberit Fantasia in vetrochina bianca, installazione a pavimento e design essenziale. Codice articolo 500.865.00.1\" \/>\n<meta property=\"og:url\" content=\"https:\/\/www.idroromagnola.it\/en\/prodotto\/bidet-terra-geberit-fantasia-bianco\/\" \/>\n<meta property=\"og:site_name\" content=\"Idro Romagnola Placucci - Termoidraulica e arredo bagno\" \/>\n<meta property=\"article:publisher\" content=\"https:\/\/www.facebook.com\/people\/Idro-Romagnola-Placucci\/100063815237292\/?_rdr\" \/>\n<meta property=\"article:modified_time\" content=\"2026-03-31T07:45:58+00:00\" \/>\n<meta property=\"og:image\" content=\"https:\/\/www.idroromagnola.it\/wp-content\/uploads\/2026\/03\/FANTASIA-GEBERIT-BIDET.png\" \/>\n\t<meta property=\"og:image:width\" content=\"1000\" \/>\n\t<meta property=\"og:image:height\" content=\"1000\" \/>\n\t<meta property=\"og:image:type\" content=\"image\/png\" \/>\n<meta name=\"twitter:card\" content=\"summary_large_image\" \/>\n<meta name=\"twitter:label1\" content=\"Est. reading time\" \/>\n\t<meta name=\"twitter:data1\" content=\"1 minute\" \/>\n<script type=\"application\/ld+json\" class=\"yoast-schema-graph\">{\"@context\":\"https:\/\/schema.org\",\"@graph\":[{\"@type\":\"WebPage\",\"@id\":\"https:\/\/www.idroromagnola.it\/en\/prodotto\/bidet-terra-geberit-fantasia-bianco\/\",\"url\":\"https:\/\/www.idroromagnola.it\/en\/prodotto\/bidet-terra-geberit-fantasia-bianco\/\",\"name\":\"Bidet a terra Geberit Fantasia bianco | 500.865.00.1\",\"isPartOf\":{\"@id\":\"https:\/\/www.idroromagnola.it\/en\/#website\"},\"primaryImageOfPage\":{\"@id\":\"https:\/\/www.idroromagnola.it\/en\/prodotto\/bidet-terra-geberit-fantasia-bianco\/#primaryimage\"},\"image\":{\"@id\":\"https:\/\/www.idroromagnola.it\/en\/prodotto\/bidet-terra-geberit-fantasia-bianco\/#primaryimage\"},\"thumbnailUrl\":\"https:\/\/www.idroromagnola.it\/wp-content\/uploads\/2026\/03\/FANTASIA-GEBERIT-BIDET.png\",\"datePublished\":\"2026-03-26T09:22:33+00:00\",\"dateModified\":\"2026-03-31T07:45:58+00:00\",\"description\":\"Acquista bidet a terra Geberit Fantasia in vetrochina bianca, installazione a pavimento e design essenziale. Codice articolo 500.865.00.1\",\"breadcrumb\":{\"@id\":\"https:\/\/www.idroromagnola.it\/en\/prodotto\/bidet-terra-geberit-fantasia-bianco\/#breadcrumb\"},\"inLanguage\":\"en-US\",\"potentialAction\":[{\"@type\":\"ReadAction\",\"target\":[\"https:\/\/www.idroromagnola.it\/en\/prodotto\/bidet-terra-geberit-fantasia-bianco\/\"]}]},{\"@type\":\"ImageObject\",\"inLanguage\":\"en-US\",\"@id\":\"https:\/\/www.idroromagnola.it\/en\/prodotto\/bidet-terra-geberit-fantasia-bianco\/#primaryimage\",\"url\":\"https:\/\/www.idroromagnola.it\/wp-content\/uploads\/2026\/03\/FANTASIA-GEBERIT-BIDET.png\",\"contentUrl\":\"https:\/\/www.idroromagnola.it\/wp-content\/uploads\/2026\/03\/FANTASIA-GEBERIT-BIDET.png\",\"width\":1000,\"height\":1000},{\"@type\":\"BreadcrumbList\",\"@id\":\"https:\/\/www.idroromagnola.it\/en\/prodotto\/bidet-terra-geberit-fantasia-bianco\/#breadcrumb\",\"itemListElement\":[{\"@type\":\"ListItem\",\"position\":1,\"name\":\"Shop\",\"item\":\"https:\/\/www.idroromagnola.it\/en\/shop\/\"},{\"@type\":\"ListItem\",\"position\":2,\"name\":\"Bidet a terra Fantasia, scarico a pavimento, bianco\"}]},{\"@type\":\"WebSite\",\"@id\":\"https:\/\/www.idroromagnola.it\/en\/#website\",\"url\":\"https:\/\/www.idroromagnola.it\/en\/\",\"name\":\"Idro Romagnola Placucci - Termoidraulica e arredo bagno\",\"description\":\"Design, Innovazione, Ecologia\",\"publisher\":{\"@id\":\"https:\/\/www.idroromagnola.it\/en\/#organization\"},\"alternateName\":\"Idro Romagnola Placucci\",\"potentialAction\":[{\"@type\":\"SearchAction\",\"target\":{\"@type\":\"EntryPoint\",\"urlTemplate\":\"https:\/\/www.idroromagnola.it\/en\/?s={search_term_string}\"},\"query-input\":{\"@type\":\"PropertyValueSpecification\",\"valueRequired\":true,\"valueName\":\"search_term_string\"}}],\"inLanguage\":\"en-US\"},{\"@type\":\"Organization\",\"@id\":\"https:\/\/www.idroromagnola.it\/en\/#organization\",\"name\":\"Idro Romagnola Placucci - Termoidraulica e arredo bagno\",\"alternateName\":\"Idro Romagnola Placucci\",\"url\":\"https:\/\/www.idroromagnola.it\/en\/\",\"logo\":{\"@type\":\"ImageObject\",\"inLanguage\":\"en-US\",\"@id\":\"https:\/\/www.idroromagnola.it\/en\/#\/schema\/logo\/image\/\",\"url\":\"https:\/\/www.idroromagnola.it\/wp-content\/uploads\/2024\/04\/logoIdro1000-2.webp\",\"contentUrl\":\"https:\/\/www.idroromagnola.it\/wp-content\/uploads\/2024\/04\/logoIdro1000-2.webp\",\"width\":904,\"height\":325,\"caption\":\"Idro Romagnola Placucci - Termoidraulica e arredo bagno\"},\"image\":{\"@id\":\"https:\/\/www.idroromagnola.it\/en\/#\/schema\/logo\/image\/\"},\"sameAs\":[\"https:\/\/www.facebook.com\/people\/Idro-Romagnola-Placucci\/100063815237292\/?_rdr\",\"https:\/\/www.instagram.com\/idroromagnolaplacucci\/\"]}]}<\/script>\n<!-- \/ Yoast SEO plugin. -->","yoast_head_json":{"title":"Bidet a terra Geberit Fantasia bianco | 500.865.00.1","description":"Acquista bidet a terra Geberit Fantasia in vetrochina bianca, installazione a pavimento e design essenziale. Codice articolo 500.865.00.1","robots":{"index":"index","follow":"follow","max-snippet":"max-snippet:-1","max-image-preview":"max-image-preview:large","max-video-preview":"max-video-preview:-1"},"canonical":"https:\/\/www.idroromagnola.it\/en\/prodotto\/bidet-terra-geberit-fantasia-bianco\/","og_locale":"en_US","og_type":"article","og_title":"Bidet a terra Geberit Fantasia bianco | 500.865.00.1","og_description":"Acquista bidet a terra Geberit Fantasia in vetrochina bianca, installazione a pavimento e design essenziale. Codice articolo 500.865.00.1","og_url":"https:\/\/www.idroromagnola.it\/en\/prodotto\/bidet-terra-geberit-fantasia-bianco\/","og_site_name":"Idro Romagnola Placucci - Termoidraulica e arredo bagno","article_publisher":"https:\/\/www.facebook.com\/people\/Idro-Romagnola-Placucci\/100063815237292\/?_rdr","article_modified_time":"2026-03-31T07:45:58+00:00","og_image":[{"width":1000,"height":1000,"url":"https:\/\/www.idroromagnola.it\/wp-content\/uploads\/2026\/03\/FANTASIA-GEBERIT-BIDET.png","type":"image\/png"}],"twitter_card":"summary_large_image","twitter_misc":{"Est. reading time":"1 minute"},"schema":{"@context":"https:\/\/schema.org","@graph":[{"@type":"WebPage","@id":"https:\/\/www.idroromagnola.it\/en\/prodotto\/bidet-terra-geberit-fantasia-bianco\/","url":"https:\/\/www.idroromagnola.it\/en\/prodotto\/bidet-terra-geberit-fantasia-bianco\/","name":"Bidet a terra Geberit Fantasia bianco | 500.865.00.1","isPartOf":{"@id":"https:\/\/www.idroromagnola.it\/en\/#website"},"primaryImageOfPage":{"@id":"https:\/\/www.idroromagnola.it\/en\/prodotto\/bidet-terra-geberit-fantasia-bianco\/#primaryimage"},"image":{"@id":"https:\/\/www.idroromagnola.it\/en\/prodotto\/bidet-terra-geberit-fantasia-bianco\/#primaryimage"},"thumbnailUrl":"https:\/\/www.idroromagnola.it\/wp-content\/uploads\/2026\/03\/FANTASIA-GEBERIT-BIDET.png","datePublished":"2026-03-26T09:22:33+00:00","dateModified":"2026-03-31T07:45:58+00:00","description":"Acquista bidet a terra Geberit Fantasia in vetrochina bianca, installazione a pavimento e design essenziale. Codice articolo 500.865.00.1","breadcrumb":{"@id":"https:\/\/www.idroromagnola.it\/en\/prodotto\/bidet-terra-geberit-fantasia-bianco\/#breadcrumb"},"inLanguage":"en-US","potentialAction":[{"@type":"ReadAction","target":["https:\/\/www.idroromagnola.it\/en\/prodotto\/bidet-terra-geberit-fantasia-bianco\/"]}]},{"@type":"ImageObject","inLanguage":"en-US","@id":"https:\/\/www.idroromagnola.it\/en\/prodotto\/bidet-terra-geberit-fantasia-bianco\/#primaryimage","url":"https:\/\/www.idroromagnola.it\/wp-content\/uploads\/2026\/03\/FANTASIA-GEBERIT-BIDET.png","contentUrl":"https:\/\/www.idroromagnola.it\/wp-content\/uploads\/2026\/03\/FANTASIA-GEBERIT-BIDET.png","width":1000,"height":1000},{"@type":"BreadcrumbList","@id":"https:\/\/www.idroromagnola.it\/en\/prodotto\/bidet-terra-geberit-fantasia-bianco\/#breadcrumb","itemListElement":[{"@type":"ListItem","position":1,"name":"Shop","item":"https:\/\/www.idroromagnola.it\/en\/shop\/"},{"@type":"ListItem","position":2,"name":"Bidet a terra Fantasia, scarico a pavimento, bianco"}]},{"@type":"WebSite","@id":"https:\/\/www.idroromagnola.it\/en\/#website","url":"https:\/\/www.idroromagnola.it\/en\/","name":"Idro Romagnola Placucci - Termoidraulica e arredo bagno","description":"Design, Innovazione, Ecologia","publisher":{"@id":"https:\/\/www.idroromagnola.it\/en\/#organization"},"alternateName":"Idro Romagnola Placucci","potentialAction":[{"@type":"SearchAction","target":{"@type":"EntryPoint","urlTemplate":"https:\/\/www.idroromagnola.it\/en\/?s={search_term_string}"},"query-input":{"@type":"PropertyValueSpecification","valueRequired":true,"valueName":"search_term_string"}}],"inLanguage":"en-US"},{"@type":"Organization","@id":"https:\/\/www.idroromagnola.it\/en\/#organization","name":"Idro Romagnola Placucci - Termoidraulica e arredo bagno","alternateName":"Idro Romagnola Placucci","url":"https:\/\/www.idroromagnola.it\/en\/","logo":{"@type":"ImageObject","inLanguage":"en-US","@id":"https:\/\/www.idroromagnola.it\/en\/#\/schema\/logo\/image\/","url":"https:\/\/www.idroromagnola.it\/wp-content\/uploads\/2024\/04\/logoIdro1000-2.webp","contentUrl":"https:\/\/www.idroromagnola.it\/wp-content\/uploads\/2024\/04\/logoIdro1000-2.webp","width":904,"height":325,"caption":"Idro Romagnola Placucci - Termoidraulica e arredo bagno"},"image":{"@id":"https:\/\/www.idroromagnola.it\/en\/#\/schema\/logo\/image\/"},"sameAs":["https:\/\/www.facebook.com\/people\/Idro-Romagnola-Placucci\/100063815237292\/?_rdr","https:\/\/www.instagram.com\/idroromagnolaplacucci\/"]}]}},"_links":{"self":[{"href":"https:\/\/www.idroromagnola.it\/en\/wp-json\/wp\/v2\/product\/24647","targetHints":{"allow":["GET"]}}],"collection":[{"href":"https:\/\/www.idroromagnola.it\/en\/wp-json\/wp\/v2\/product"}],"about":[{"href":"https:\/\/www.idroromagnola.it\/en\/wp-json\/wp\/v2\/types\/product"}],"replies":[{"embeddable":true,"href":"https:\/\/www.idroromagnola.it\/en\/wp-json\/wp\/v2\/comments?post=24647"}],"wp:featuredmedia":[{"embeddable":true,"href":"https:\/\/www.idroromagnola.it\/en\/wp-json\/wp\/v2\/media\/24649"}],"wp:attachment":[{"href":"https:\/\/www.idroromagnola.it\/en\/wp-json\/wp\/v2\/media?parent=24647"}],"wp:term":[{"taxonomy":"product_brand","embeddable":true,"href":"https:\/\/www.idroromagnola.it\/en\/wp-json\/wp\/v2\/product_brand?post=24647"},{"taxonomy":"product_cat","embeddable":true,"href":"https:\/\/www.idroromagnola.it\/en\/wp-json\/wp\/v2\/product_cat?post=24647"},{"taxonomy":"product_tag","embeddable":true,"href":"https:\/\/www.idroromagnola.it\/en\/wp-json\/wp\/v2\/product_tag?post=24647"}],"curies":[{"name":"wp","href":"https:\/\/api.w.org\/{rel}","templated":true}]}}