{"id":19740,"date":"2025-08-28T10:09:57","date_gmt":"2025-08-28T08:09:57","guid":{"rendered":"https:\/\/www.idroromagnola.it\/?post_type=product&#038;p=19740"},"modified":"2025-10-13T14:55:56","modified_gmt":"2025-10-13T12:55:56","slug":"inda-a0451hcr-cestino-doccia-portaoggetti-hotellerie","status":"publish","type":"product","link":"https:\/\/www.idroromagnola.it\/en\/prodotto\/inda-a0451hcr-cestino-doccia-portaoggetti-hotellerie\/","title":{"rendered":"Cestino Hotellerie portaoggetti rettangolare 13 cm, cromo"},"content":{"rendered":"<p>Il <strong data-start=\"3\" data-end=\"47\">cestino rettangolare Hotellerie A0451HCR<\/strong> unisce eleganza e funzionalit\u00e0. Realizzato in ottone resistente con finitura cromata, si distingue per un design lineare pensato per ambienti moderni e sofisticati. Le dimensioni compatte\u201420\u202fcm larghezza, 13\u202fcm profondit\u00e0, 6,4\u202fcm altezza\u2014lo rendono ideale in doccia o vicino alla vasca. Il fissaggio a parete con tasselli Fischer (inclusi) garantisce una posa solida. La superficie traforata favorisce il drenaggio, mentre il bordo arrotondato garantisce sicurezza nell\u2019uso quotidiano.<\/p>\n","protected":false},"excerpt":{"rendered":"<p>Cestino portaoggetti doccia profondo (20\u00d713\u00d77\u202fcm) in ottone cromato, linea Hotellerie, fissaggio a parete incluso.<\/p>\n","protected":false},"featured_media":19760,"comment_status":"closed","ping_status":"closed","template":"","meta":{"_acf_changed":false},"product_brand":[],"product_cat":[138,144],"product_tag":[],"class_list":{"0":"post-19740","1":"product","2":"type-product","3":"status-publish","4":"has-post-thumbnail","6":"product_cat-bagno","7":"product_cat-accessori-bagno","8":"pa_finitura-cromo","10":"first","11":"instock","12":"sale","13":"shipping-taxable","14":"purchasable","15":"product-type-variable","16":"has-default-attributes"},"acf":[],"yoast_head":"<!-- This site is optimized with the Yoast SEO plugin v26.5 - https:\/\/yoast.com\/wordpress\/plugins\/seo\/ -->\n<title>Inda Cestino Hotellerie da doccia 20\u00d713 cm cromo A0451HCR<\/title>\n<meta name=\"description\" content=\"Acquista cestino doccia Hotellerie Inda A0451HCR in ottone cromato, dimensioni 20\u00d713\u00d77\u202fcm, fissaggio a muro, design elegante e lineare.\" \/>\n<meta name=\"robots\" content=\"index, follow, max-snippet:-1, max-image-preview:large, max-video-preview:-1\" \/>\n<link rel=\"canonical\" href=\"https:\/\/www.idroromagnola.it\/en\/prodotto\/inda-a0451hcr-cestino-doccia-portaoggetti-hotellerie\/\" \/>\n<meta property=\"og:locale\" content=\"en_US\" \/>\n<meta property=\"og:type\" content=\"article\" \/>\n<meta property=\"og:title\" content=\"Inda Cestino Hotellerie da doccia 20\u00d713 cm cromo A0451HCR\" \/>\n<meta property=\"og:description\" content=\"Acquista cestino doccia Hotellerie Inda A0451HCR in ottone cromato, dimensioni 20\u00d713\u00d77\u202fcm, fissaggio a muro, design elegante e lineare.\" \/>\n<meta property=\"og:url\" content=\"https:\/\/www.idroromagnola.it\/en\/prodotto\/inda-a0451hcr-cestino-doccia-portaoggetti-hotellerie\/\" \/>\n<meta property=\"og:site_name\" content=\"Idro Romagnola Placucci - Termoidraulica e arredo bagno\" \/>\n<meta property=\"article:publisher\" content=\"https:\/\/www.facebook.com\/people\/Idro-Romagnola-Placucci\/100063815237292\/?_rdr\" \/>\n<meta property=\"article:modified_time\" content=\"2025-10-13T12:55:56+00:00\" \/>\n<meta property=\"og:image\" content=\"https:\/\/www.idroromagnola.it\/wp-content\/uploads\/2025\/08\/o_inda-a0451h-cr-hotellerie-cestino-finitura-cromo-1.png\" \/>\n\t<meta property=\"og:image:width\" content=\"1000\" \/>\n\t<meta property=\"og:image:height\" content=\"1000\" \/>\n\t<meta property=\"og:image:type\" content=\"image\/png\" \/>\n<meta name=\"twitter:card\" content=\"summary_large_image\" \/>\n<meta name=\"twitter:label1\" content=\"Est. reading time\" \/>\n\t<meta name=\"twitter:data1\" content=\"1 minute\" \/>\n<script type=\"application\/ld+json\" class=\"yoast-schema-graph\">{\"@context\":\"https:\/\/schema.org\",\"@graph\":[{\"@type\":\"WebPage\",\"@id\":\"https:\/\/www.idroromagnola.it\/en\/prodotto\/inda-a0451hcr-cestino-doccia-portaoggetti-hotellerie\/\",\"url\":\"https:\/\/www.idroromagnola.it\/en\/prodotto\/inda-a0451hcr-cestino-doccia-portaoggetti-hotellerie\/\",\"name\":\"Inda Cestino Hotellerie da doccia 20\u00d713 cm cromo A0451HCR\",\"isPartOf\":{\"@id\":\"https:\/\/www.idroromagnola.it\/en\/#website\"},\"primaryImageOfPage\":{\"@id\":\"https:\/\/www.idroromagnola.it\/en\/prodotto\/inda-a0451hcr-cestino-doccia-portaoggetti-hotellerie\/#primaryimage\"},\"image\":{\"@id\":\"https:\/\/www.idroromagnola.it\/en\/prodotto\/inda-a0451hcr-cestino-doccia-portaoggetti-hotellerie\/#primaryimage\"},\"thumbnailUrl\":\"https:\/\/www.idroromagnola.it\/wp-content\/uploads\/2025\/08\/o_inda-a0451h-cr-hotellerie-cestino-finitura-cromo-1.png\",\"datePublished\":\"2025-08-28T08:09:57+00:00\",\"dateModified\":\"2025-10-13T12:55:56+00:00\",\"description\":\"Acquista cestino doccia Hotellerie Inda A0451HCR in ottone cromato, dimensioni 20\u00d713\u00d77\u202fcm, fissaggio a muro, design elegante e lineare.\",\"breadcrumb\":{\"@id\":\"https:\/\/www.idroromagnola.it\/en\/prodotto\/inda-a0451hcr-cestino-doccia-portaoggetti-hotellerie\/#breadcrumb\"},\"inLanguage\":\"en-US\",\"potentialAction\":[{\"@type\":\"ReadAction\",\"target\":[\"https:\/\/www.idroromagnola.it\/en\/prodotto\/inda-a0451hcr-cestino-doccia-portaoggetti-hotellerie\/\"]}]},{\"@type\":\"ImageObject\",\"inLanguage\":\"en-US\",\"@id\":\"https:\/\/www.idroromagnola.it\/en\/prodotto\/inda-a0451hcr-cestino-doccia-portaoggetti-hotellerie\/#primaryimage\",\"url\":\"https:\/\/www.idroromagnola.it\/wp-content\/uploads\/2025\/08\/o_inda-a0451h-cr-hotellerie-cestino-finitura-cromo-1.png\",\"contentUrl\":\"https:\/\/www.idroromagnola.it\/wp-content\/uploads\/2025\/08\/o_inda-a0451h-cr-hotellerie-cestino-finitura-cromo-1.png\",\"width\":1000,\"height\":1000},{\"@type\":\"BreadcrumbList\",\"@id\":\"https:\/\/www.idroromagnola.it\/en\/prodotto\/inda-a0451hcr-cestino-doccia-portaoggetti-hotellerie\/#breadcrumb\",\"itemListElement\":[{\"@type\":\"ListItem\",\"position\":1,\"name\":\"Shop\",\"item\":\"https:\/\/www.idroromagnola.it\/en\/shop\/\"},{\"@type\":\"ListItem\",\"position\":2,\"name\":\"Cestino Hotellerie portaoggetti rettangolare 13 cm, cromo\"}]},{\"@type\":\"WebSite\",\"@id\":\"https:\/\/www.idroromagnola.it\/en\/#website\",\"url\":\"https:\/\/www.idroromagnola.it\/en\/\",\"name\":\"Idro Romagnola Placucci - Termoidraulica e arredo bagno\",\"description\":\"Design, Innovazione, Ecologia\",\"publisher\":{\"@id\":\"https:\/\/www.idroromagnola.it\/en\/#organization\"},\"alternateName\":\"Idro Romagnola Placucci\",\"potentialAction\":[{\"@type\":\"SearchAction\",\"target\":{\"@type\":\"EntryPoint\",\"urlTemplate\":\"https:\/\/www.idroromagnola.it\/en\/?s={search_term_string}\"},\"query-input\":{\"@type\":\"PropertyValueSpecification\",\"valueRequired\":true,\"valueName\":\"search_term_string\"}}],\"inLanguage\":\"en-US\"},{\"@type\":\"Organization\",\"@id\":\"https:\/\/www.idroromagnola.it\/en\/#organization\",\"name\":\"Idro Romagnola Placucci - Termoidraulica e arredo bagno\",\"alternateName\":\"Idro Romagnola Placucci\",\"url\":\"https:\/\/www.idroromagnola.it\/en\/\",\"logo\":{\"@type\":\"ImageObject\",\"inLanguage\":\"en-US\",\"@id\":\"https:\/\/www.idroromagnola.it\/en\/#\/schema\/logo\/image\/\",\"url\":\"https:\/\/www.idroromagnola.it\/wp-content\/uploads\/2024\/04\/logoIdro1000-2.webp\",\"contentUrl\":\"https:\/\/www.idroromagnola.it\/wp-content\/uploads\/2024\/04\/logoIdro1000-2.webp\",\"width\":904,\"height\":325,\"caption\":\"Idro Romagnola Placucci - Termoidraulica e arredo bagno\"},\"image\":{\"@id\":\"https:\/\/www.idroromagnola.it\/en\/#\/schema\/logo\/image\/\"},\"sameAs\":[\"https:\/\/www.facebook.com\/people\/Idro-Romagnola-Placucci\/100063815237292\/?_rdr\",\"https:\/\/www.instagram.com\/idroromagnolaplacucci\/\"]}]}<\/script>\n<!-- \/ Yoast SEO plugin. -->","yoast_head_json":{"title":"Inda Cestino Hotellerie da doccia 20\u00d713 cm cromo A0451HCR","description":"Acquista cestino doccia Hotellerie Inda A0451HCR in ottone cromato, dimensioni 20\u00d713\u00d77\u202fcm, fissaggio a muro, design elegante e lineare.","robots":{"index":"index","follow":"follow","max-snippet":"max-snippet:-1","max-image-preview":"max-image-preview:large","max-video-preview":"max-video-preview:-1"},"canonical":"https:\/\/www.idroromagnola.it\/en\/prodotto\/inda-a0451hcr-cestino-doccia-portaoggetti-hotellerie\/","og_locale":"en_US","og_type":"article","og_title":"Inda Cestino Hotellerie da doccia 20\u00d713 cm cromo A0451HCR","og_description":"Acquista cestino doccia Hotellerie Inda A0451HCR in ottone cromato, dimensioni 20\u00d713\u00d77\u202fcm, fissaggio a muro, design elegante e lineare.","og_url":"https:\/\/www.idroromagnola.it\/en\/prodotto\/inda-a0451hcr-cestino-doccia-portaoggetti-hotellerie\/","og_site_name":"Idro Romagnola Placucci - Termoidraulica e arredo bagno","article_publisher":"https:\/\/www.facebook.com\/people\/Idro-Romagnola-Placucci\/100063815237292\/?_rdr","article_modified_time":"2025-10-13T12:55:56+00:00","og_image":[{"width":1000,"height":1000,"url":"https:\/\/www.idroromagnola.it\/wp-content\/uploads\/2025\/08\/o_inda-a0451h-cr-hotellerie-cestino-finitura-cromo-1.png","type":"image\/png"}],"twitter_card":"summary_large_image","twitter_misc":{"Est. reading time":"1 minute"},"schema":{"@context":"https:\/\/schema.org","@graph":[{"@type":"WebPage","@id":"https:\/\/www.idroromagnola.it\/en\/prodotto\/inda-a0451hcr-cestino-doccia-portaoggetti-hotellerie\/","url":"https:\/\/www.idroromagnola.it\/en\/prodotto\/inda-a0451hcr-cestino-doccia-portaoggetti-hotellerie\/","name":"Inda Cestino Hotellerie da doccia 20\u00d713 cm cromo A0451HCR","isPartOf":{"@id":"https:\/\/www.idroromagnola.it\/en\/#website"},"primaryImageOfPage":{"@id":"https:\/\/www.idroromagnola.it\/en\/prodotto\/inda-a0451hcr-cestino-doccia-portaoggetti-hotellerie\/#primaryimage"},"image":{"@id":"https:\/\/www.idroromagnola.it\/en\/prodotto\/inda-a0451hcr-cestino-doccia-portaoggetti-hotellerie\/#primaryimage"},"thumbnailUrl":"https:\/\/www.idroromagnola.it\/wp-content\/uploads\/2025\/08\/o_inda-a0451h-cr-hotellerie-cestino-finitura-cromo-1.png","datePublished":"2025-08-28T08:09:57+00:00","dateModified":"2025-10-13T12:55:56+00:00","description":"Acquista cestino doccia Hotellerie Inda A0451HCR in ottone cromato, dimensioni 20\u00d713\u00d77\u202fcm, fissaggio a muro, design elegante e lineare.","breadcrumb":{"@id":"https:\/\/www.idroromagnola.it\/en\/prodotto\/inda-a0451hcr-cestino-doccia-portaoggetti-hotellerie\/#breadcrumb"},"inLanguage":"en-US","potentialAction":[{"@type":"ReadAction","target":["https:\/\/www.idroromagnola.it\/en\/prodotto\/inda-a0451hcr-cestino-doccia-portaoggetti-hotellerie\/"]}]},{"@type":"ImageObject","inLanguage":"en-US","@id":"https:\/\/www.idroromagnola.it\/en\/prodotto\/inda-a0451hcr-cestino-doccia-portaoggetti-hotellerie\/#primaryimage","url":"https:\/\/www.idroromagnola.it\/wp-content\/uploads\/2025\/08\/o_inda-a0451h-cr-hotellerie-cestino-finitura-cromo-1.png","contentUrl":"https:\/\/www.idroromagnola.it\/wp-content\/uploads\/2025\/08\/o_inda-a0451h-cr-hotellerie-cestino-finitura-cromo-1.png","width":1000,"height":1000},{"@type":"BreadcrumbList","@id":"https:\/\/www.idroromagnola.it\/en\/prodotto\/inda-a0451hcr-cestino-doccia-portaoggetti-hotellerie\/#breadcrumb","itemListElement":[{"@type":"ListItem","position":1,"name":"Shop","item":"https:\/\/www.idroromagnola.it\/en\/shop\/"},{"@type":"ListItem","position":2,"name":"Cestino Hotellerie portaoggetti rettangolare 13 cm, cromo"}]},{"@type":"WebSite","@id":"https:\/\/www.idroromagnola.it\/en\/#website","url":"https:\/\/www.idroromagnola.it\/en\/","name":"Idro Romagnola Placucci - Termoidraulica e arredo bagno","description":"Design, Innovazione, Ecologia","publisher":{"@id":"https:\/\/www.idroromagnola.it\/en\/#organization"},"alternateName":"Idro Romagnola Placucci","potentialAction":[{"@type":"SearchAction","target":{"@type":"EntryPoint","urlTemplate":"https:\/\/www.idroromagnola.it\/en\/?s={search_term_string}"},"query-input":{"@type":"PropertyValueSpecification","valueRequired":true,"valueName":"search_term_string"}}],"inLanguage":"en-US"},{"@type":"Organization","@id":"https:\/\/www.idroromagnola.it\/en\/#organization","name":"Idro Romagnola Placucci - Termoidraulica e arredo bagno","alternateName":"Idro Romagnola Placucci","url":"https:\/\/www.idroromagnola.it\/en\/","logo":{"@type":"ImageObject","inLanguage":"en-US","@id":"https:\/\/www.idroromagnola.it\/en\/#\/schema\/logo\/image\/","url":"https:\/\/www.idroromagnola.it\/wp-content\/uploads\/2024\/04\/logoIdro1000-2.webp","contentUrl":"https:\/\/www.idroromagnola.it\/wp-content\/uploads\/2024\/04\/logoIdro1000-2.webp","width":904,"height":325,"caption":"Idro Romagnola Placucci - Termoidraulica e arredo bagno"},"image":{"@id":"https:\/\/www.idroromagnola.it\/en\/#\/schema\/logo\/image\/"},"sameAs":["https:\/\/www.facebook.com\/people\/Idro-Romagnola-Placucci\/100063815237292\/?_rdr","https:\/\/www.instagram.com\/idroromagnolaplacucci\/"]}]}},"_links":{"self":[{"href":"https:\/\/www.idroromagnola.it\/en\/wp-json\/wp\/v2\/product\/19740","targetHints":{"allow":["GET"]}}],"collection":[{"href":"https:\/\/www.idroromagnola.it\/en\/wp-json\/wp\/v2\/product"}],"about":[{"href":"https:\/\/www.idroromagnola.it\/en\/wp-json\/wp\/v2\/types\/product"}],"replies":[{"embeddable":true,"href":"https:\/\/www.idroromagnola.it\/en\/wp-json\/wp\/v2\/comments?post=19740"}],"wp:featuredmedia":[{"embeddable":true,"href":"https:\/\/www.idroromagnola.it\/en\/wp-json\/wp\/v2\/media\/19760"}],"wp:attachment":[{"href":"https:\/\/www.idroromagnola.it\/en\/wp-json\/wp\/v2\/media?parent=19740"}],"wp:term":[{"taxonomy":"product_brand","embeddable":true,"href":"https:\/\/www.idroromagnola.it\/en\/wp-json\/wp\/v2\/product_brand?post=19740"},{"taxonomy":"product_cat","embeddable":true,"href":"https:\/\/www.idroromagnola.it\/en\/wp-json\/wp\/v2\/product_cat?post=19740"},{"taxonomy":"product_tag","embeddable":true,"href":"https:\/\/www.idroromagnola.it\/en\/wp-json\/wp\/v2\/product_tag?post=19740"}],"curies":[{"name":"wp","href":"https:\/\/api.w.org\/{rel}","templated":true}]}}