{"id":19596,"date":"2025-08-06T11:25:50","date_gmt":"2025-08-06T09:25:50","guid":{"rendered":"https:\/\/www.idroromagnola.it\/?post_type=product&#038;p=19596"},"modified":"2025-08-06T12:12:11","modified_gmt":"2025-08-06T10:12:11","slug":"crometta-s-showerpipe-240-termostatico","status":"publish","type":"product","link":"https:\/\/www.idroromagnola.it\/en\/prodotto\/crometta-s-showerpipe-240-termostatico\/","title":{"rendered":"Sistema doccia Crometta S Showerpipe 240\u202f1Jet con miscelatore termostatico, cromo"},"content":{"rendered":"<p data-start=\"2187\" data-end=\"2730\">La <strong data-start=\"2190\" data-end=\"2234\">Hansgrohe Crometta S Showerpipe 240 1Jet<\/strong> (cod.27267000) \u00e8 una colonna doccia ad alte prestazioni con miscelatore termostatico integrato.<br data-start=\"2315\" data-end=\"2318\" \/>Il <strong data-start=\"2321\" data-end=\"2349\">soffione ampio da 240 mm<\/strong> eroga un getto Rain abbondante e rilassante, mentre la doccetta monogetto \u00e8 perfetta per l\u2019uso quotidiano. Il miscelatore termostatico garantisce una temperatura costante e sicura, grazie alla funzione <strong data-start=\"2552\" data-end=\"2573\">SafetyStop a 40\u00b0C<\/strong>.<br data-start=\"2574\" data-end=\"2577\" \/>La <strong data-start=\"2580\" data-end=\"2596\">barra doccia<\/strong> \u00e8 regolabile in altezza e inclinazione. Realizzata con materiali di alta qualit\u00e0, \u00e8 perfetta per ambienti moderni o ristrutturazioni.<\/p>\n<h3 data-start=\"2732\" data-end=\"2758\"><\/h3>\n<h3 data-start=\"1079\" data-end=\"1105\"><\/h3>\n","protected":false},"excerpt":{"rendered":"<p>Sistema doccia Hansgrohe Crometta S con soffione <strong data-start=\"2078\" data-end=\"2090\">\u00d8\u202f240 mm<\/strong>, doccetta 1 getto, <strong data-start=\"2110\" data-end=\"2138\">miscelatore termostatico<\/strong> e barra scorrevole.<\/p>\n","protected":false},"featured_media":19600,"comment_status":"closed","ping_status":"closed","template":"","meta":{"_acf_changed":false},"product_brand":[],"product_cat":[138,82],"product_tag":[],"class_list":{"0":"post-19596","1":"product","2":"type-product","3":"status-publish","4":"has-post-thumbnail","6":"product_cat-bagno","7":"product_cat-saliscendi-e-colonne-doccia","8":"pa_finitura-cromo","10":"first","11":"instock","12":"sale","13":"shipping-taxable","14":"purchasable","15":"product-type-variable","16":"has-default-attributes"},"acf":[],"yoast_head":"<!-- This site is optimized with the Yoast SEO plugin v26.5 - https:\/\/yoast.com\/wordpress\/plugins\/seo\/ -->\n<title>Hansgrohe Crometta S Showerpipe 240 con termostatico<\/title>\n<meta name=\"description\" content=\"Acquista Hansgrohe Crometta S Showerpipe 240 mm con soffione Rain, doccetta, miscelatore termostatico e installazione semplice.\" \/>\n<meta name=\"robots\" content=\"index, follow, max-snippet:-1, max-image-preview:large, max-video-preview:-1\" \/>\n<link rel=\"canonical\" href=\"https:\/\/www.idroromagnola.it\/en\/prodotto\/crometta-s-showerpipe-240-termostatico\/\" \/>\n<meta property=\"og:locale\" content=\"en_US\" \/>\n<meta property=\"og:type\" content=\"article\" \/>\n<meta property=\"og:title\" content=\"Hansgrohe Crometta S Showerpipe 240 con termostatico\" \/>\n<meta property=\"og:description\" content=\"Acquista Hansgrohe Crometta S Showerpipe 240 mm con soffione Rain, doccetta, miscelatore termostatico e installazione semplice.\" \/>\n<meta property=\"og:url\" content=\"https:\/\/www.idroromagnola.it\/en\/prodotto\/crometta-s-showerpipe-240-termostatico\/\" \/>\n<meta property=\"og:site_name\" content=\"Idro Romagnola Placucci - Termoidraulica e arredo bagno\" \/>\n<meta property=\"article:publisher\" content=\"https:\/\/www.facebook.com\/people\/Idro-Romagnola-Placucci\/100063815237292\/?_rdr\" \/>\n<meta property=\"article:modified_time\" content=\"2025-08-06T10:12:11+00:00\" \/>\n<meta property=\"og:image\" content=\"https:\/\/www.idroromagnola.it\/wp-content\/uploads\/2025\/08\/Sistema-doccia-Crometta-S-Showerpipe-240-1Jet-con-miscelatore-termostatico-cromo.png\" \/>\n\t<meta property=\"og:image:width\" content=\"1000\" \/>\n\t<meta property=\"og:image:height\" content=\"1000\" \/>\n\t<meta property=\"og:image:type\" content=\"image\/png\" \/>\n<meta name=\"twitter:card\" content=\"summary_large_image\" \/>\n<meta name=\"twitter:label1\" content=\"Est. reading time\" \/>\n\t<meta name=\"twitter:data1\" content=\"1 minute\" \/>\n<script type=\"application\/ld+json\" class=\"yoast-schema-graph\">{\"@context\":\"https:\/\/schema.org\",\"@graph\":[{\"@type\":\"WebPage\",\"@id\":\"https:\/\/www.idroromagnola.it\/en\/prodotto\/crometta-s-showerpipe-240-termostatico\/\",\"url\":\"https:\/\/www.idroromagnola.it\/en\/prodotto\/crometta-s-showerpipe-240-termostatico\/\",\"name\":\"Hansgrohe Crometta S Showerpipe 240 con termostatico\",\"isPartOf\":{\"@id\":\"https:\/\/www.idroromagnola.it\/en\/#website\"},\"primaryImageOfPage\":{\"@id\":\"https:\/\/www.idroromagnola.it\/en\/prodotto\/crometta-s-showerpipe-240-termostatico\/#primaryimage\"},\"image\":{\"@id\":\"https:\/\/www.idroromagnola.it\/en\/prodotto\/crometta-s-showerpipe-240-termostatico\/#primaryimage\"},\"thumbnailUrl\":\"https:\/\/www.idroromagnola.it\/wp-content\/uploads\/2025\/08\/Sistema-doccia-Crometta-S-Showerpipe-240-1Jet-con-miscelatore-termostatico-cromo.png\",\"datePublished\":\"2025-08-06T09:25:50+00:00\",\"dateModified\":\"2025-08-06T10:12:11+00:00\",\"description\":\"Acquista Hansgrohe Crometta S Showerpipe 240 mm con soffione Rain, doccetta, miscelatore termostatico e installazione semplice.\",\"breadcrumb\":{\"@id\":\"https:\/\/www.idroromagnola.it\/en\/prodotto\/crometta-s-showerpipe-240-termostatico\/#breadcrumb\"},\"inLanguage\":\"en-US\",\"potentialAction\":[{\"@type\":\"ReadAction\",\"target\":[\"https:\/\/www.idroromagnola.it\/en\/prodotto\/crometta-s-showerpipe-240-termostatico\/\"]}]},{\"@type\":\"ImageObject\",\"inLanguage\":\"en-US\",\"@id\":\"https:\/\/www.idroromagnola.it\/en\/prodotto\/crometta-s-showerpipe-240-termostatico\/#primaryimage\",\"url\":\"https:\/\/www.idroromagnola.it\/wp-content\/uploads\/2025\/08\/Sistema-doccia-Crometta-S-Showerpipe-240-1Jet-con-miscelatore-termostatico-cromo.png\",\"contentUrl\":\"https:\/\/www.idroromagnola.it\/wp-content\/uploads\/2025\/08\/Sistema-doccia-Crometta-S-Showerpipe-240-1Jet-con-miscelatore-termostatico-cromo.png\",\"width\":1000,\"height\":1000},{\"@type\":\"BreadcrumbList\",\"@id\":\"https:\/\/www.idroromagnola.it\/en\/prodotto\/crometta-s-showerpipe-240-termostatico\/#breadcrumb\",\"itemListElement\":[{\"@type\":\"ListItem\",\"position\":1,\"name\":\"Shop\",\"item\":\"https:\/\/www.idroromagnola.it\/en\/shop\/\"},{\"@type\":\"ListItem\",\"position\":2,\"name\":\"Sistema doccia Crometta S Showerpipe 240\u202f1Jet con miscelatore termostatico, cromo\"}]},{\"@type\":\"WebSite\",\"@id\":\"https:\/\/www.idroromagnola.it\/en\/#website\",\"url\":\"https:\/\/www.idroromagnola.it\/en\/\",\"name\":\"Idro Romagnola Placucci - Termoidraulica e arredo bagno\",\"description\":\"Design, Innovazione, Ecologia\",\"publisher\":{\"@id\":\"https:\/\/www.idroromagnola.it\/en\/#organization\"},\"alternateName\":\"Idro Romagnola Placucci\",\"potentialAction\":[{\"@type\":\"SearchAction\",\"target\":{\"@type\":\"EntryPoint\",\"urlTemplate\":\"https:\/\/www.idroromagnola.it\/en\/?s={search_term_string}\"},\"query-input\":{\"@type\":\"PropertyValueSpecification\",\"valueRequired\":true,\"valueName\":\"search_term_string\"}}],\"inLanguage\":\"en-US\"},{\"@type\":\"Organization\",\"@id\":\"https:\/\/www.idroromagnola.it\/en\/#organization\",\"name\":\"Idro Romagnola Placucci - Termoidraulica e arredo bagno\",\"alternateName\":\"Idro Romagnola Placucci\",\"url\":\"https:\/\/www.idroromagnola.it\/en\/\",\"logo\":{\"@type\":\"ImageObject\",\"inLanguage\":\"en-US\",\"@id\":\"https:\/\/www.idroromagnola.it\/en\/#\/schema\/logo\/image\/\",\"url\":\"https:\/\/www.idroromagnola.it\/wp-content\/uploads\/2024\/04\/logoIdro1000-2.webp\",\"contentUrl\":\"https:\/\/www.idroromagnola.it\/wp-content\/uploads\/2024\/04\/logoIdro1000-2.webp\",\"width\":904,\"height\":325,\"caption\":\"Idro Romagnola Placucci - Termoidraulica e arredo bagno\"},\"image\":{\"@id\":\"https:\/\/www.idroromagnola.it\/en\/#\/schema\/logo\/image\/\"},\"sameAs\":[\"https:\/\/www.facebook.com\/people\/Idro-Romagnola-Placucci\/100063815237292\/?_rdr\",\"https:\/\/www.instagram.com\/idroromagnolaplacucci\/\"]}]}<\/script>\n<!-- \/ Yoast SEO plugin. -->","yoast_head_json":{"title":"Hansgrohe Crometta S Showerpipe 240 con termostatico","description":"Acquista Hansgrohe Crometta S Showerpipe 240 mm con soffione Rain, doccetta, miscelatore termostatico e installazione semplice.","robots":{"index":"index","follow":"follow","max-snippet":"max-snippet:-1","max-image-preview":"max-image-preview:large","max-video-preview":"max-video-preview:-1"},"canonical":"https:\/\/www.idroromagnola.it\/en\/prodotto\/crometta-s-showerpipe-240-termostatico\/","og_locale":"en_US","og_type":"article","og_title":"Hansgrohe Crometta S Showerpipe 240 con termostatico","og_description":"Acquista Hansgrohe Crometta S Showerpipe 240 mm con soffione Rain, doccetta, miscelatore termostatico e installazione semplice.","og_url":"https:\/\/www.idroromagnola.it\/en\/prodotto\/crometta-s-showerpipe-240-termostatico\/","og_site_name":"Idro Romagnola Placucci - Termoidraulica e arredo bagno","article_publisher":"https:\/\/www.facebook.com\/people\/Idro-Romagnola-Placucci\/100063815237292\/?_rdr","article_modified_time":"2025-08-06T10:12:11+00:00","og_image":[{"width":1000,"height":1000,"url":"https:\/\/www.idroromagnola.it\/wp-content\/uploads\/2025\/08\/Sistema-doccia-Crometta-S-Showerpipe-240-1Jet-con-miscelatore-termostatico-cromo.png","type":"image\/png"}],"twitter_card":"summary_large_image","twitter_misc":{"Est. reading time":"1 minute"},"schema":{"@context":"https:\/\/schema.org","@graph":[{"@type":"WebPage","@id":"https:\/\/www.idroromagnola.it\/en\/prodotto\/crometta-s-showerpipe-240-termostatico\/","url":"https:\/\/www.idroromagnola.it\/en\/prodotto\/crometta-s-showerpipe-240-termostatico\/","name":"Hansgrohe Crometta S Showerpipe 240 con termostatico","isPartOf":{"@id":"https:\/\/www.idroromagnola.it\/en\/#website"},"primaryImageOfPage":{"@id":"https:\/\/www.idroromagnola.it\/en\/prodotto\/crometta-s-showerpipe-240-termostatico\/#primaryimage"},"image":{"@id":"https:\/\/www.idroromagnola.it\/en\/prodotto\/crometta-s-showerpipe-240-termostatico\/#primaryimage"},"thumbnailUrl":"https:\/\/www.idroromagnola.it\/wp-content\/uploads\/2025\/08\/Sistema-doccia-Crometta-S-Showerpipe-240-1Jet-con-miscelatore-termostatico-cromo.png","datePublished":"2025-08-06T09:25:50+00:00","dateModified":"2025-08-06T10:12:11+00:00","description":"Acquista Hansgrohe Crometta S Showerpipe 240 mm con soffione Rain, doccetta, miscelatore termostatico e installazione semplice.","breadcrumb":{"@id":"https:\/\/www.idroromagnola.it\/en\/prodotto\/crometta-s-showerpipe-240-termostatico\/#breadcrumb"},"inLanguage":"en-US","potentialAction":[{"@type":"ReadAction","target":["https:\/\/www.idroromagnola.it\/en\/prodotto\/crometta-s-showerpipe-240-termostatico\/"]}]},{"@type":"ImageObject","inLanguage":"en-US","@id":"https:\/\/www.idroromagnola.it\/en\/prodotto\/crometta-s-showerpipe-240-termostatico\/#primaryimage","url":"https:\/\/www.idroromagnola.it\/wp-content\/uploads\/2025\/08\/Sistema-doccia-Crometta-S-Showerpipe-240-1Jet-con-miscelatore-termostatico-cromo.png","contentUrl":"https:\/\/www.idroromagnola.it\/wp-content\/uploads\/2025\/08\/Sistema-doccia-Crometta-S-Showerpipe-240-1Jet-con-miscelatore-termostatico-cromo.png","width":1000,"height":1000},{"@type":"BreadcrumbList","@id":"https:\/\/www.idroromagnola.it\/en\/prodotto\/crometta-s-showerpipe-240-termostatico\/#breadcrumb","itemListElement":[{"@type":"ListItem","position":1,"name":"Shop","item":"https:\/\/www.idroromagnola.it\/en\/shop\/"},{"@type":"ListItem","position":2,"name":"Sistema doccia Crometta S Showerpipe 240\u202f1Jet con miscelatore termostatico, cromo"}]},{"@type":"WebSite","@id":"https:\/\/www.idroromagnola.it\/en\/#website","url":"https:\/\/www.idroromagnola.it\/en\/","name":"Idro Romagnola Placucci - Termoidraulica e arredo bagno","description":"Design, Innovazione, Ecologia","publisher":{"@id":"https:\/\/www.idroromagnola.it\/en\/#organization"},"alternateName":"Idro Romagnola Placucci","potentialAction":[{"@type":"SearchAction","target":{"@type":"EntryPoint","urlTemplate":"https:\/\/www.idroromagnola.it\/en\/?s={search_term_string}"},"query-input":{"@type":"PropertyValueSpecification","valueRequired":true,"valueName":"search_term_string"}}],"inLanguage":"en-US"},{"@type":"Organization","@id":"https:\/\/www.idroromagnola.it\/en\/#organization","name":"Idro Romagnola Placucci - Termoidraulica e arredo bagno","alternateName":"Idro Romagnola Placucci","url":"https:\/\/www.idroromagnola.it\/en\/","logo":{"@type":"ImageObject","inLanguage":"en-US","@id":"https:\/\/www.idroromagnola.it\/en\/#\/schema\/logo\/image\/","url":"https:\/\/www.idroromagnola.it\/wp-content\/uploads\/2024\/04\/logoIdro1000-2.webp","contentUrl":"https:\/\/www.idroromagnola.it\/wp-content\/uploads\/2024\/04\/logoIdro1000-2.webp","width":904,"height":325,"caption":"Idro Romagnola Placucci - Termoidraulica e arredo bagno"},"image":{"@id":"https:\/\/www.idroromagnola.it\/en\/#\/schema\/logo\/image\/"},"sameAs":["https:\/\/www.facebook.com\/people\/Idro-Romagnola-Placucci\/100063815237292\/?_rdr","https:\/\/www.instagram.com\/idroromagnolaplacucci\/"]}]}},"_links":{"self":[{"href":"https:\/\/www.idroromagnola.it\/en\/wp-json\/wp\/v2\/product\/19596","targetHints":{"allow":["GET"]}}],"collection":[{"href":"https:\/\/www.idroromagnola.it\/en\/wp-json\/wp\/v2\/product"}],"about":[{"href":"https:\/\/www.idroromagnola.it\/en\/wp-json\/wp\/v2\/types\/product"}],"replies":[{"embeddable":true,"href":"https:\/\/www.idroromagnola.it\/en\/wp-json\/wp\/v2\/comments?post=19596"}],"wp:featuredmedia":[{"embeddable":true,"href":"https:\/\/www.idroromagnola.it\/en\/wp-json\/wp\/v2\/media\/19600"}],"wp:attachment":[{"href":"https:\/\/www.idroromagnola.it\/en\/wp-json\/wp\/v2\/media?parent=19596"}],"wp:term":[{"taxonomy":"product_brand","embeddable":true,"href":"https:\/\/www.idroromagnola.it\/en\/wp-json\/wp\/v2\/product_brand?post=19596"},{"taxonomy":"product_cat","embeddable":true,"href":"https:\/\/www.idroromagnola.it\/en\/wp-json\/wp\/v2\/product_cat?post=19596"},{"taxonomy":"product_tag","embeddable":true,"href":"https:\/\/www.idroromagnola.it\/en\/wp-json\/wp\/v2\/product_tag?post=19596"}],"curies":[{"name":"wp","href":"https:\/\/api.w.org\/{rel}","templated":true}]}}